{"id":4257,"date":"2023-05-25T10:38:50","date_gmt":"2023-05-25T08:38:50","guid":{"rendered":"http:\/\/www.viglamo.com\/de\/?page_id=4257"},"modified":"2023-08-11T11:25:09","modified_gmt":"2023-08-11T09:25:09","slug":"privatpersonen","status":"publish","type":"page","link":"https:\/\/www.campingleucate.com\/de\/veranstaltungen\/privatpersonen\/","title":{"rendered":"Privatpersonen"},"content":{"rendered":"","protected":false},"excerpt":{"rendered":"","protected":false},"author":12,"featured_media":8494,"parent":1937,"menu_order":0,"comment_status":"closed","ping_status":"closed","template":"templates\/tmp-details.php","meta":{"_acf_changed":false},"class_list":["post-4257","page","type-page","status-publish","has-post-thumbnail","hentry"],"acf":[],"yoast_head":"<!-- This site is optimized with the Yoast SEO plugin v24.2 - https:\/\/yoast.com\/wordpress\/plugins\/seo\/ -->\n<title>Privatpersonen - Domaine Presqu&#039;\u00eele de La Franqui<\/title>\n<meta name=\"description\" content=\"Privatpersonen und tr\u00e4umen Sie von dem perfekten Ort f\u00fcr Ihre Gruppenveranstaltungen? Cousinaden, Geburtstage, Taufen. Erstellen Sie Ihre Veranstaltung nach Ma\u00df.\" \/>\n<meta name=\"robots\" content=\"index, follow, max-snippet:-1, max-image-preview:large, max-video-preview:-1\" \/>\n<link rel=\"canonical\" href=\"https:\/\/www.campingleucate.com\/de\/veranstaltungen\/privatpersonen\/\" \/>\n<meta property=\"og:locale\" content=\"de_DE\" \/>\n<meta property=\"og:type\" content=\"article\" \/>\n<meta property=\"og:title\" content=\"Privatpersonen - Domaine Presqu&#039;\u00eele de La Franqui\" \/>\n<meta property=\"og:description\" content=\"Privatpersonen und tr\u00e4umen Sie von dem perfekten Ort f\u00fcr Ihre Gruppenveranstaltungen? Cousinaden, Geburtstage, Taufen. Erstellen Sie Ihre Veranstaltung nach Ma\u00df.\" \/>\n<meta property=\"og:url\" content=\"https:\/\/www.campingleucate.com\/de\/veranstaltungen\/privatpersonen\/\" \/>\n<meta property=\"og:site_name\" content=\"Domaine Presqu&#039;ile de la Franqui\" \/>\n<meta property=\"article:publisher\" content=\"https:\/\/www.facebook.com\/ViglamoLeucate\" \/>\n<meta property=\"article:modified_time\" content=\"2023-08-11T09:25:09+00:00\" \/>\n<meta property=\"og:image\" content=\"https:\/\/www.campingleucate.com\/wp-content\/uploads\/2023\/08\/header-particulier-domaine-viglamo.jpg?wsr\" \/>\n\t<meta property=\"og:image:width\" content=\"2560\" \/>\n\t<meta property=\"og:image:height\" content=\"1920\" \/>\n\t<meta property=\"og:image:type\" content=\"image\/jpeg\" \/>\n<meta name=\"twitter:card\" content=\"summary_large_image\" \/>\n<script type=\"application\/ld+json\" class=\"yoast-schema-graph\">{\"@context\":\"https:\/\/schema.org\",\"@graph\":[{\"@type\":\"WebPage\",\"@id\":\"https:\/\/www.campingleucate.com\/de\/veranstaltungen\/privatpersonen\/\",\"url\":\"https:\/\/www.campingleucate.com\/de\/veranstaltungen\/privatpersonen\/\",\"name\":\"Privatpersonen - Domaine Presqu'\u00eele de La Franqui\",\"isPartOf\":{\"@id\":\"https:\/\/www.campingleucate.com\/de\/#website\"},\"primaryImageOfPage\":{\"@id\":\"https:\/\/www.campingleucate.com\/de\/veranstaltungen\/privatpersonen\/#primaryimage\"},\"image\":{\"@id\":\"https:\/\/www.campingleucate.com\/de\/veranstaltungen\/privatpersonen\/#primaryimage\"},\"thumbnailUrl\":\"https:\/\/i0.wp.com\/www.campingleucate.com\/wp-content\/uploads\/2023\/08\/header-particulier-domaine-viglamo.jpg?fit=2560%2C1920&ssl=1\",\"datePublished\":\"2023-05-25T08:38:50+00:00\",\"dateModified\":\"2023-08-11T09:25:09+00:00\",\"description\":\"Privatpersonen und tr\u00e4umen Sie von dem perfekten Ort f\u00fcr Ihre Gruppenveranstaltungen? Cousinaden, Geburtstage, Taufen. Erstellen Sie Ihre Veranstaltung nach Ma\u00df.\",\"breadcrumb\":{\"@id\":\"https:\/\/www.campingleucate.com\/de\/veranstaltungen\/privatpersonen\/#breadcrumb\"},\"inLanguage\":\"de\",\"potentialAction\":[{\"@type\":\"ReadAction\",\"target\":[\"https:\/\/www.campingleucate.com\/de\/veranstaltungen\/privatpersonen\/\"]}]},{\"@type\":\"ImageObject\",\"inLanguage\":\"de\",\"@id\":\"https:\/\/www.campingleucate.com\/de\/veranstaltungen\/privatpersonen\/#primaryimage\",\"url\":\"https:\/\/i0.wp.com\/www.campingleucate.com\/wp-content\/uploads\/2023\/08\/header-particulier-domaine-viglamo.jpg?fit=2560%2C1920&ssl=1\",\"contentUrl\":\"https:\/\/i0.wp.com\/www.campingleucate.com\/wp-content\/uploads\/2023\/08\/header-particulier-domaine-viglamo.jpg?fit=2560%2C1920&ssl=1\",\"width\":2560,\"height\":1920},{\"@type\":\"BreadcrumbList\",\"@id\":\"https:\/\/www.campingleucate.com\/de\/veranstaltungen\/privatpersonen\/#breadcrumb\",\"itemListElement\":[{\"@type\":\"ListItem\",\"position\":1,\"name\":\"Willkommen\",\"item\":\"https:\/\/www.campingleucate.com\/de\/\"},{\"@type\":\"ListItem\",\"position\":2,\"name\":\"Veranstaltungen\",\"item\":\"https:\/\/www.campingleucate.com\/de\/veranstaltungen\/\"},{\"@type\":\"ListItem\",\"position\":3,\"name\":\"Privatpersonen\"}]},{\"@type\":\"WebSite\",\"@id\":\"https:\/\/www.campingleucate.com\/de\/#website\",\"url\":\"https:\/\/www.campingleucate.com\/de\/\",\"name\":\"Domaine Presqu&#039;ile de la Franqui\",\"description\":\"Otro sitio realizado con WordPress\",\"publisher\":{\"@id\":\"https:\/\/www.campingleucate.com\/de\/#organization\"},\"potentialAction\":[{\"@type\":\"SearchAction\",\"target\":{\"@type\":\"EntryPoint\",\"urlTemplate\":\"https:\/\/www.campingleucate.com\/de\/?s={search_term_string}\"},\"query-input\":{\"@type\":\"PropertyValueSpecification\",\"valueRequired\":true,\"valueName\":\"search_term_string\"}}],\"inLanguage\":\"de\"},{\"@type\":\"Organization\",\"@id\":\"https:\/\/www.campingleucate.com\/de\/#organization\",\"name\":\"Domaine Presqu&#039;ile de la Franqui\",\"url\":\"https:\/\/www.campingleucate.com\/de\/\",\"logo\":{\"@type\":\"ImageObject\",\"inLanguage\":\"de\",\"@id\":\"https:\/\/www.campingleucate.com\/de\/#\/schema\/logo\/image\/\",\"url\":\"https:\/\/i0.wp.com\/www.campingleucate.com\/wp-content\/uploads\/2024\/11\/cropped-2-1.png?fit=197%2C100&ssl=1\",\"contentUrl\":\"https:\/\/i0.wp.com\/www.campingleucate.com\/wp-content\/uploads\/2024\/11\/cropped-2-1.png?fit=197%2C100&ssl=1\",\"width\":197,\"height\":100,\"caption\":\"Domaine Presqu&#039;ile de la Franqui\"},\"image\":{\"@id\":\"https:\/\/www.campingleucate.com\/de\/#\/schema\/logo\/image\/\"},\"sameAs\":[\"https:\/\/www.facebook.com\/ViglamoLeucate\",\"https:\/\/www.instagram.com\/viglamo\/\"]}]}<\/script>\n<!-- \/ Yoast SEO plugin. -->","yoast_head_json":{"title":"Privatpersonen - Domaine Presqu'\u00eele de La Franqui","description":"Privatpersonen und tr\u00e4umen Sie von dem perfekten Ort f\u00fcr Ihre Gruppenveranstaltungen? Cousinaden, Geburtstage, Taufen. Erstellen Sie Ihre Veranstaltung nach Ma\u00df.","robots":{"index":"index","follow":"follow","max-snippet":"max-snippet:-1","max-image-preview":"max-image-preview:large","max-video-preview":"max-video-preview:-1"},"canonical":"https:\/\/www.campingleucate.com\/de\/veranstaltungen\/privatpersonen\/","og_locale":"de_DE","og_type":"article","og_title":"Privatpersonen - Domaine Presqu'\u00eele de La Franqui","og_description":"Privatpersonen und tr\u00e4umen Sie von dem perfekten Ort f\u00fcr Ihre Gruppenveranstaltungen? Cousinaden, Geburtstage, Taufen. Erstellen Sie Ihre Veranstaltung nach Ma\u00df.","og_url":"https:\/\/www.campingleucate.com\/de\/veranstaltungen\/privatpersonen\/","og_site_name":"Domaine Presqu&#039;ile de la Franqui","article_publisher":"https:\/\/www.facebook.com\/ViglamoLeucate","article_modified_time":"2023-08-11T09:25:09+00:00","og_image":[{"width":2560,"height":1920,"url":"https:\/\/www.campingleucate.com\/wp-content\/uploads\/2023\/08\/header-particulier-domaine-viglamo.jpg?wsr","type":"image\/jpeg"}],"twitter_card":"summary_large_image","schema":{"@context":"https:\/\/schema.org","@graph":[{"@type":"WebPage","@id":"https:\/\/www.campingleucate.com\/de\/veranstaltungen\/privatpersonen\/","url":"https:\/\/www.campingleucate.com\/de\/veranstaltungen\/privatpersonen\/","name":"Privatpersonen - Domaine Presqu'\u00eele de La Franqui","isPartOf":{"@id":"https:\/\/www.campingleucate.com\/de\/#website"},"primaryImageOfPage":{"@id":"https:\/\/www.campingleucate.com\/de\/veranstaltungen\/privatpersonen\/#primaryimage"},"image":{"@id":"https:\/\/www.campingleucate.com\/de\/veranstaltungen\/privatpersonen\/#primaryimage"},"thumbnailUrl":"https:\/\/i0.wp.com\/www.campingleucate.com\/wp-content\/uploads\/2023\/08\/header-particulier-domaine-viglamo.jpg?fit=2560%2C1920&ssl=1","datePublished":"2023-05-25T08:38:50+00:00","dateModified":"2023-08-11T09:25:09+00:00","description":"Privatpersonen und tr\u00e4umen Sie von dem perfekten Ort f\u00fcr Ihre Gruppenveranstaltungen? Cousinaden, Geburtstage, Taufen. Erstellen Sie Ihre Veranstaltung nach Ma\u00df.","breadcrumb":{"@id":"https:\/\/www.campingleucate.com\/de\/veranstaltungen\/privatpersonen\/#breadcrumb"},"inLanguage":"de","potentialAction":[{"@type":"ReadAction","target":["https:\/\/www.campingleucate.com\/de\/veranstaltungen\/privatpersonen\/"]}]},{"@type":"ImageObject","inLanguage":"de","@id":"https:\/\/www.campingleucate.com\/de\/veranstaltungen\/privatpersonen\/#primaryimage","url":"https:\/\/i0.wp.com\/www.campingleucate.com\/wp-content\/uploads\/2023\/08\/header-particulier-domaine-viglamo.jpg?fit=2560%2C1920&ssl=1","contentUrl":"https:\/\/i0.wp.com\/www.campingleucate.com\/wp-content\/uploads\/2023\/08\/header-particulier-domaine-viglamo.jpg?fit=2560%2C1920&ssl=1","width":2560,"height":1920},{"@type":"BreadcrumbList","@id":"https:\/\/www.campingleucate.com\/de\/veranstaltungen\/privatpersonen\/#breadcrumb","itemListElement":[{"@type":"ListItem","position":1,"name":"Willkommen","item":"https:\/\/www.campingleucate.com\/de\/"},{"@type":"ListItem","position":2,"name":"Veranstaltungen","item":"https:\/\/www.campingleucate.com\/de\/veranstaltungen\/"},{"@type":"ListItem","position":3,"name":"Privatpersonen"}]},{"@type":"WebSite","@id":"https:\/\/www.campingleucate.com\/de\/#website","url":"https:\/\/www.campingleucate.com\/de\/","name":"Domaine Presqu&#039;ile de la Franqui","description":"Otro sitio realizado con WordPress","publisher":{"@id":"https:\/\/www.campingleucate.com\/de\/#organization"},"potentialAction":[{"@type":"SearchAction","target":{"@type":"EntryPoint","urlTemplate":"https:\/\/www.campingleucate.com\/de\/?s={search_term_string}"},"query-input":{"@type":"PropertyValueSpecification","valueRequired":true,"valueName":"search_term_string"}}],"inLanguage":"de"},{"@type":"Organization","@id":"https:\/\/www.campingleucate.com\/de\/#organization","name":"Domaine Presqu&#039;ile de la Franqui","url":"https:\/\/www.campingleucate.com\/de\/","logo":{"@type":"ImageObject","inLanguage":"de","@id":"https:\/\/www.campingleucate.com\/de\/#\/schema\/logo\/image\/","url":"https:\/\/i0.wp.com\/www.campingleucate.com\/wp-content\/uploads\/2024\/11\/cropped-2-1.png?fit=197%2C100&ssl=1","contentUrl":"https:\/\/i0.wp.com\/www.campingleucate.com\/wp-content\/uploads\/2024\/11\/cropped-2-1.png?fit=197%2C100&ssl=1","width":197,"height":100,"caption":"Domaine Presqu&#039;ile de la Franqui"},"image":{"@id":"https:\/\/www.campingleucate.com\/de\/#\/schema\/logo\/image\/"},"sameAs":["https:\/\/www.facebook.com\/ViglamoLeucate","https:\/\/www.instagram.com\/viglamo\/"]}]}},"jetpack_sharing_enabled":true,"_links":{"self":[{"href":"https:\/\/www.campingleucate.com\/de\/wp-json\/wp\/v2\/pages\/4257","targetHints":{"allow":["GET"]}}],"collection":[{"href":"https:\/\/www.campingleucate.com\/de\/wp-json\/wp\/v2\/pages"}],"about":[{"href":"https:\/\/www.campingleucate.com\/de\/wp-json\/wp\/v2\/types\/page"}],"author":[{"embeddable":true,"href":"https:\/\/www.campingleucate.com\/de\/wp-json\/wp\/v2\/users\/12"}],"replies":[{"embeddable":true,"href":"https:\/\/www.campingleucate.com\/de\/wp-json\/wp\/v2\/comments?post=4257"}],"version-history":[{"count":0,"href":"https:\/\/www.campingleucate.com\/de\/wp-json\/wp\/v2\/pages\/4257\/revisions"}],"up":[{"embeddable":true,"href":"https:\/\/www.campingleucate.com\/de\/wp-json\/wp\/v2\/pages\/1937"}],"wp:featuredmedia":[{"embeddable":true,"href":"https:\/\/www.campingleucate.com\/de\/wp-json\/wp\/v2\/media\/8494"}],"wp:attachment":[{"href":"https:\/\/www.campingleucate.com\/de\/wp-json\/wp\/v2\/media?parent=4257"}],"curies":[{"name":"wp","href":"https:\/\/api.w.org\/{rel}","templated":true}]}}